{"id":64835,"date":"2025-11-12T06:15:34","date_gmt":"2025-11-12T06:15:34","guid":{"rendered":"https:\/\/rocket.dental\/?page_id=64835"},"modified":"2025-12-02T14:30:36","modified_gmt":"2025-12-02T14:30:36","slug":"impressum","status":"publish","type":"page","link":"https:\/\/rocket.dental\/de\/impressum\/","title":{"rendered":"Impressum"},"content":{"rendered":"\t\t<div data-elementor-type=\"wp-page\" data-elementor-id=\"64835\" class=\"elementor elementor-64835\" data-elementor-post-type=\"page\">\n\t\t\t\t\t\t<section class=\"elementor-section elementor-top-section elementor-element elementor-element-ab10ea5 elementor-section-boxed elementor-section-height-default elementor-section-height-default\" data-id=\"ab10ea5\" data-element_type=\"section\">\n\t\t\t\t\t\t<div class=\"elementor-container elementor-column-gap-default\">\n\t\t\t\t\t<div class=\"elementor-column elementor-col-100 elementor-top-column elementor-element elementor-element-986c11f\" data-id=\"986c11f\" data-element_type=\"column\">\n\t\t\t<div class=\"elementor-widget-wrap elementor-element-populated\">\n\t\t\t\t\t\t<section class=\"elementor-section elementor-inner-section elementor-element elementor-element-40b870e pageContent elementor-section-boxed elementor-section-height-default elementor-section-height-default\" data-id=\"40b870e\" data-element_type=\"section\">\n\t\t\t\t\t\t<div class=\"elementor-container elementor-column-gap-default\">\n\t\t\t\t\t<div class=\"elementor-column elementor-col-100 elementor-inner-column elementor-element elementor-element-d0dbfc1\" data-id=\"d0dbfc1\" data-element_type=\"column\">\n\t\t\t<div class=\"elementor-widget-wrap elementor-element-populated\">\n\t\t\t\t\t\t<section class=\"elementor-section elementor-inner-section elementor-element elementor-element-b454a44 elementor-section-boxed elementor-section-height-default elementor-section-height-default\" data-id=\"b454a44\" data-element_type=\"section\">\n\t\t\t\t\t\t<div class=\"elementor-container elementor-column-gap-default\">\n\t\t\t\t\t<div class=\"elementor-column elementor-col-100 elementor-inner-column elementor-element elementor-element-862f63c\" data-id=\"862f63c\" data-element_type=\"column\">\n\t\t\t<div class=\"elementor-widget-wrap elementor-element-populated\">\n\t\t\t\t\t\t<div class=\"elementor-element elementor-element-c91c7ff headingGradientText elementor-widget__width-initial elementor-widget elementor-widget-heading\" data-id=\"c91c7ff\" data-element_type=\"widget\" data-widget_type=\"heading.default\">\n\t\t\t\t<div class=\"elementor-widget-container\">\n\t\t\t\t\t<h1 class=\"elementor-heading-title elementor-size-default\">Impressum<\/h1>\t\t\t\t<\/div>\n\t\t\t\t<\/div>\n\t\t\t\t<div class=\"elementor-element elementor-element-3ecf7ae sectionDescriptionBlock elementor-widget__width-inherit elementor-widget elementor-widget-text-editor\" data-id=\"3ecf7ae\" data-element_type=\"widget\" data-widget_type=\"text-editor.default\">\n\t\t\t\t<div class=\"elementor-widget-container\">\n\t\t\t\t\t\t\t\t\t<p>Dieses Impressum stellt die gesetzlich erforderlichen Informationen zu Rocket Dental GmbH bereit. So erreichen Sie uns schnell und verl\u00e4sslich.<\/p>\t\t\t\t\t\t\t\t<\/div>\n\t\t\t\t<\/div>\n\t\t\t\t\t<\/div>\n\t\t<\/div>\n\t\t\t\t\t<\/div>\n\t\t<\/section>\n\t\t\t\t<section class=\"elementor-section elementor-inner-section elementor-element elementor-element-49098d7 pageContentSection elementor-section-boxed elementor-section-height-default elementor-section-height-default\" data-id=\"49098d7\" data-element_type=\"section\">\n\t\t\t\t\t\t<div class=\"elementor-container elementor-column-gap-default\">\n\t\t\t\t\t<div class=\"elementor-column elementor-col-100 elementor-inner-column elementor-element elementor-element-001ed4e\" data-id=\"001ed4e\" data-element_type=\"column\">\n\t\t\t<div class=\"elementor-widget-wrap elementor-element-populated\">\n\t\t\t\t\t\t<div class=\"elementor-element elementor-element-3b840ae privacy_content elementor-widget elementor-widget-text-editor\" data-id=\"3b840ae\" data-element_type=\"widget\" data-widget_type=\"text-editor.default\">\n\t\t\t\t<div class=\"elementor-widget-container\">\n\t\t\t\t\t\t\t\t\t<p><strong>Angaben gem\u00e4\u00df \u00a7 5 DDG<br \/><\/strong>Rocket Dental GmbH<br \/>Bahnhofstra\u00dfe 24<br \/>79798 Jestetten<br \/>Deutschland<\/p><p><strong>Vertreten durch die Gesch\u00e4ftsf\u00fchrer<br \/><\/strong>Dr. Sebastian Horvath, Dr. Domonkos Horvath<\/p><p><strong>Registereintrag<br \/><\/strong>Registergericht: Amtsgericht Freiburg im Breisgau<br \/>Registernummer: HRB 727141<\/p><p><strong>Umsatzsteuer-Identifikationsnummer gem\u00e4\u00df \u00a7 27a UStG<\/strong><br \/>DE 355616765<\/p><p><strong>Kontakt<br \/><\/strong>Telefon: +49 7745 7211<br \/>E-Mail: hello@rocket.dental<br \/>Web: https:\/\/www.rocket.dental\/<\/p><p><strong>Verantwortlich im Sinne des \u00a7 18 Abs. 2 MStV<\/strong><br \/>Dr. Sebastian Horvath, Anschrift wie oben.<\/p><p><strong>Hinweis nach \u00a7 36 VSBG<br \/><\/strong>Die Rocket Dental GmbH ist nicht bereit und nicht verpflichtet, an Streitbeilegungsverfahren vor einer Verbraucherschlichtungsstelle teilzunehmen.<\/p><p><strong>Urheberrecht \/ Schutzrechte<br \/><\/strong>Texte, Bilder, Grafiken und Layouts auf dieser Website unterliegen dem Urheberrecht. Jede Verwertung au\u00dferhalb der engen Grenzen des Urheberrechts ohne vorherige schriftliche Zustimmung der Rocket Dental GmbH ist unzul\u00e4ssig. Marken\u2011 und Namensrechte Dritter werden respektiert.<\/p><p><strong>Rechtliche Hinweise<br \/><\/strong>Inhalte wurden mit gr\u00f6\u00dfter Sorgfalt erstellt. F\u00fcr die Richtigkeit, Vollst\u00e4ndigkeit und Aktualit\u00e4t wird keine Gew\u00e4hr \u00fcbernommen. Externe Links wurden zum Zeitpunkt der Verlinkung gepr\u00fcft; f\u00fcr fremde Inhalte sind ausschlie\u00dflich deren Anbieter verantwortlich.<\/p>\t\t\t\t\t\t\t\t<\/div>\n\t\t\t\t<\/div>\n\t\t\t\t\t<\/div>\n\t\t<\/div>\n\t\t\t\t\t<\/div>\n\t\t<\/section>\n\t\t\t\t\t<\/div>\n\t\t<\/div>\n\t\t\t\t\t<\/div>\n\t\t<\/section>\n\t\t\t\t\t<\/div>\n\t\t<\/div>\n\t\t\t\t\t<\/div>\n\t\t<\/section>\n\t\t\t\t<\/div>\n\t\t","protected":false},"excerpt":{"rendered":"<p>Impressum Dieses Impressum stellt die gesetzlich erforderlichen Informationen zu Rocket Dental GmbH bereit. So erreichen Sie uns schnell und verl\u00e4sslich. Angaben gem\u00e4\u00df \u00a7 5 DDGRocket Dental GmbHBahnhofstra\u00dfe 2479798 JestettenDeutschland Vertreten durch die Gesch\u00e4ftsf\u00fchrerDr. Sebastian Horvath, Dr. Domonkos Horvath RegistereintragRegistergericht: Amtsgericht Freiburg im BreisgauRegisternummer: HRB 727141 Umsatzsteuer-Identifikationsnummer gem\u00e4\u00df \u00a7 27a UStGDE 355616765 KontaktTelefon: +49 7745 7211E-Mail: [&hellip;]<\/p>\n","protected":false},"author":3,"featured_media":0,"parent":0,"menu_order":0,"comment_status":"closed","ping_status":"closed","template":"elementor_header_footer","meta":{"_acf_changed":false,"footnotes":""},"class_list":["post-64835","page","type-page","status-publish","hentry"],"acf":[],"_links":{"self":[{"href":"https:\/\/rocket.dental\/de\/wp-json\/wp\/v2\/pages\/64835","targetHints":{"allow":["GET"]}}],"collection":[{"href":"https:\/\/rocket.dental\/de\/wp-json\/wp\/v2\/pages"}],"about":[{"href":"https:\/\/rocket.dental\/de\/wp-json\/wp\/v2\/types\/page"}],"author":[{"embeddable":true,"href":"https:\/\/rocket.dental\/de\/wp-json\/wp\/v2\/users\/3"}],"replies":[{"embeddable":true,"href":"https:\/\/rocket.dental\/de\/wp-json\/wp\/v2\/comments?post=64835"}],"version-history":[{"count":22,"href":"https:\/\/rocket.dental\/de\/wp-json\/wp\/v2\/pages\/64835\/revisions"}],"predecessor-version":[{"id":64958,"href":"https:\/\/rocket.dental\/de\/wp-json\/wp\/v2\/pages\/64835\/revisions\/64958"}],"wp:attachment":[{"href":"https:\/\/rocket.dental\/de\/wp-json\/wp\/v2\/media?parent=64835"}],"curies":[{"name":"wp","href":"https:\/\/api.w.org\/{rel}","templated":true}]}}