{"id":64839,"date":"2025-11-10T14:22:52","date_gmt":"2025-11-10T14:22:52","guid":{"rendered":"https:\/\/rocket.dental\/?page_id=64839"},"modified":"2025-12-02T14:30:29","modified_gmt":"2025-12-02T14:30:29","slug":"medizinischer-hinweis","status":"publish","type":"page","link":"https:\/\/rocket.dental\/de\/medizinischer-hinweis\/","title":{"rendered":"Medizinischer Hinweis"},"content":{"rendered":"\t\t<div data-elementor-type=\"wp-page\" data-elementor-id=\"64839\" class=\"elementor elementor-64839\" data-elementor-post-type=\"page\">\n\t\t\t\t\t\t<section class=\"elementor-section elementor-top-section elementor-element elementor-element-b590a6a elementor-section-boxed elementor-section-height-default elementor-section-height-default\" data-id=\"b590a6a\" data-element_type=\"section\">\n\t\t\t\t\t\t<div class=\"elementor-container elementor-column-gap-default\">\n\t\t\t\t\t<div class=\"elementor-column elementor-col-100 elementor-top-column elementor-element elementor-element-1ce4417\" data-id=\"1ce4417\" data-element_type=\"column\">\n\t\t\t<div class=\"elementor-widget-wrap elementor-element-populated\">\n\t\t\t\t\t\t<section class=\"elementor-section elementor-inner-section elementor-element elementor-element-3105133 pageContent elementor-section-boxed elementor-section-height-default elementor-section-height-default\" data-id=\"3105133\" data-element_type=\"section\">\n\t\t\t\t\t\t<div class=\"elementor-container elementor-column-gap-default\">\n\t\t\t\t\t<div class=\"elementor-column elementor-col-100 elementor-inner-column elementor-element elementor-element-0d456c4\" data-id=\"0d456c4\" data-element_type=\"column\">\n\t\t\t<div class=\"elementor-widget-wrap elementor-element-populated\">\n\t\t\t\t\t\t<section class=\"elementor-section elementor-inner-section elementor-element elementor-element-5e2610c elementor-section-boxed elementor-section-height-default elementor-section-height-default\" data-id=\"5e2610c\" data-element_type=\"section\">\n\t\t\t\t\t\t<div class=\"elementor-container elementor-column-gap-default\">\n\t\t\t\t\t<div class=\"elementor-column elementor-col-100 elementor-inner-column elementor-element elementor-element-0acf06b\" data-id=\"0acf06b\" data-element_type=\"column\">\n\t\t\t<div class=\"elementor-widget-wrap elementor-element-populated\">\n\t\t\t\t\t\t<div class=\"elementor-element elementor-element-0b4c7eb headingGradientText elementor-widget__width-initial elementor-widget elementor-widget-heading\" data-id=\"0b4c7eb\" data-element_type=\"widget\" data-widget_type=\"heading.default\">\n\t\t\t\t<div class=\"elementor-widget-container\">\n\t\t\t\t\t<h1 class=\"elementor-heading-title elementor-size-default\">Medizinischer Hinweis<\/h1>\t\t\t\t<\/div>\n\t\t\t\t<\/div>\n\t\t\t\t<div class=\"elementor-element elementor-element-f56415e sectionDescriptionBlock elementor-widget elementor-widget-text-editor\" data-id=\"f56415e\" data-element_type=\"widget\" data-widget_type=\"text-editor.default\">\n\t\t\t\t<div class=\"elementor-widget-container\">\n\t\t\t\t\t\t\t\t\t<p>Diese Informationen richten sich an medizinische Fachkreise. Inhalte dienen der allgemeinen Information und ersetzen keine Beratung. RING ist derzeit nicht kommerziell erh\u00e4ltlich; die Konformit\u00e4tsbewertung gem\u00e4\u00df MDR ist in Arbeit.<\/p>\t\t\t\t\t\t\t\t<\/div>\n\t\t\t\t<\/div>\n\t\t\t\t\t<\/div>\n\t\t<\/div>\n\t\t\t\t\t<\/div>\n\t\t<\/section>\n\t\t\t\t<section class=\"elementor-section elementor-inner-section elementor-element elementor-element-a993a6a pageContentSection elementor-section-boxed elementor-section-height-default elementor-section-height-default\" data-id=\"a993a6a\" data-element_type=\"section\">\n\t\t\t\t\t\t<div class=\"elementor-container elementor-column-gap-default\">\n\t\t\t\t\t<div class=\"elementor-column elementor-col-100 elementor-inner-column elementor-element elementor-element-a4fb73f\" data-id=\"a4fb73f\" data-element_type=\"column\">\n\t\t\t<div class=\"elementor-widget-wrap elementor-element-populated\">\n\t\t\t\t\t\t<div class=\"elementor-element elementor-element-8f90110 privacy_content elementor-widget elementor-widget-text-editor\" data-id=\"8f90110\" data-element_type=\"widget\" data-widget_type=\"text-editor.default\">\n\t\t\t\t<div class=\"elementor-widget-container\">\n\t\t\t\t\t\t\t\t\t<p><strong>Fachkreise<\/strong><br \/>Die Informationen auf dieser Website richten sich ausschlie\u00dflich an medizinische Fachkreise.<\/p><p><strong>Kein Ersatz f\u00fcr Beratung<\/strong><br \/>Die Inhalte dienen der allgemeinen Information \u00fcber unser Produktkonzept und ersetzen keine individuelle medizinische Beratung, Diagnose oder Therapie.<\/p><p><strong>Produktstatus<\/strong><br \/>RING ist derzeit nicht kommerziell erh\u00e4ltlich. Die Konformit\u00e4tsbewertung gem\u00e4\u00df MDR befindet sich in Arbeit. Abbildungen k\u00f6nnen Vorserienst\u00e4nde zeigen; Spezifikationen k\u00f6nnen sich \u00e4ndern. Verf\u00fcgbarkeit ist l\u00e4nderabh\u00e4ngig. Ma\u00dfgeblich sind die jeweiligen Gebrauchsanweisungen (IFU) zum Marktstart.<\/p><p><strong>Haftung<\/strong><br \/>Wir \u00fcbernehmen keine Haftung f\u00fcr Entscheidungen, die auf Basis der hier bereitgestellten Informationen getroffen werden.<\/p>\t\t\t\t\t\t\t\t<\/div>\n\t\t\t\t<\/div>\n\t\t\t\t\t<\/div>\n\t\t<\/div>\n\t\t\t\t\t<\/div>\n\t\t<\/section>\n\t\t\t\t\t<\/div>\n\t\t<\/div>\n\t\t\t\t\t<\/div>\n\t\t<\/section>\n\t\t\t\t\t<\/div>\n\t\t<\/div>\n\t\t\t\t\t<\/div>\n\t\t<\/section>\n\t\t\t\t<\/div>\n\t\t","protected":false},"excerpt":{"rendered":"<p>Medizinischer Hinweis Diese Informationen richten sich an medizinische Fachkreise. Inhalte dienen der allgemeinen Information und ersetzen keine Beratung. RING ist derzeit nicht kommerziell erh\u00e4ltlich; die Konformit\u00e4tsbewertung gem\u00e4\u00df MDR ist in Arbeit. FachkreiseDie Informationen auf dieser Website richten sich ausschlie\u00dflich an medizinische Fachkreise. Kein Ersatz f\u00fcr BeratungDie Inhalte dienen der allgemeinen Information \u00fcber unser Produktkonzept und [&hellip;]<\/p>\n","protected":false},"author":3,"featured_media":0,"parent":0,"menu_order":0,"comment_status":"closed","ping_status":"closed","template":"elementor_header_footer","meta":{"_acf_changed":false,"footnotes":""},"class_list":["post-64839","page","type-page","status-publish","hentry"],"acf":[],"_links":{"self":[{"href":"https:\/\/rocket.dental\/de\/wp-json\/wp\/v2\/pages\/64839","targetHints":{"allow":["GET"]}}],"collection":[{"href":"https:\/\/rocket.dental\/de\/wp-json\/wp\/v2\/pages"}],"about":[{"href":"https:\/\/rocket.dental\/de\/wp-json\/wp\/v2\/types\/page"}],"author":[{"embeddable":true,"href":"https:\/\/rocket.dental\/de\/wp-json\/wp\/v2\/users\/3"}],"replies":[{"embeddable":true,"href":"https:\/\/rocket.dental\/de\/wp-json\/wp\/v2\/comments?post=64839"}],"version-history":[{"count":14,"href":"https:\/\/rocket.dental\/de\/wp-json\/wp\/v2\/pages\/64839\/revisions"}],"predecessor-version":[{"id":64961,"href":"https:\/\/rocket.dental\/de\/wp-json\/wp\/v2\/pages\/64839\/revisions\/64961"}],"wp:attachment":[{"href":"https:\/\/rocket.dental\/de\/wp-json\/wp\/v2\/media?parent=64839"}],"curies":[{"name":"wp","href":"https:\/\/api.w.org\/{rel}","templated":true}]}}